{"id":1988,"date":"2024-09-27T15:19:42","date_gmt":"2024-09-27T13:19:42","guid":{"rendered":"https:\/\/psdec.ch\/?page_id=1988"},"modified":"2024-09-27T15:21:36","modified_gmt":"2024-09-27T13:21:36","slug":"mentions-legales","status":"publish","type":"page","link":"https:\/\/psdec.ch\/de\/mentions-legales\/","title":{"rendered":"Mentions l\u00e9gales"},"content":{"rendered":"<div data-elementor-type=\"wp-page\" data-elementor-id=\"1988\" class=\"elementor elementor-1988\">\n\t\t\t\t<div class=\"elementor-element elementor-element-0556fc3 e-flex e-con-boxed e-con e-parent\" data-id=\"0556fc3\" data-element_type=\"container\">\n\t\t\t\t\t<div class=\"e-con-inner\">\n\t\t\t\t<div class=\"elementor-element elementor-element-f4cae2d elementor-widget elementor-widget-text-editor\" data-id=\"f4cae2d\" data-element_type=\"widget\" data-widget_type=\"text-editor.default\">\n\t\t\t\t<div class=\"elementor-widget-container\">\n\t\t\t\t\t\t\t\t\t<h1>Mentions l\u00e9gales<\/h1><p><strong><em>Cette version prend effet \u00e0 compter du 27.09.2024.<\/em><\/strong><\/p><p><strong>Soci\u00e9t\u00e9\u00a0<\/strong>: P.S.Dec SA<\/p><p><strong>Identit\u00e9\u00a0<\/strong>: Petrit Pllana<\/p><p><strong>Adresse<\/strong> : Rue Saint-Georges 6, 2800 Del\u00e9mont<\/p><p><strong>Adresse e-mail\u00a0<\/strong>: <a href=\"mailto:contact@psdec.ch\">contact@psdec.ch<\/a><\/p><p><strong>T\u00e9l\u00e9phone<\/strong> : <a href=\"tel:+41324224400\">+41 32 422 44 00<\/a><\/p>\t\t\t\t\t\t\t\t<\/div>\n\t\t\t\t<\/div>\n\t\t\t\t\t<\/div>\n\t\t\t\t<\/div>\n\t\t\t\t<\/div>","protected":false},"excerpt":{"rendered":"<p>Mentions l\u00e9gales Cette version prend effet \u00e0 compter du 27.09.2024. Soci\u00e9t\u00e9\u00a0: P.S.Dec SA Identit\u00e9\u00a0: Petrit Pllana Adresse : Rue Saint-Georges 6, 2800 Del\u00e9mont Adresse e-mail\u00a0: contact@psdec.ch T\u00e9l\u00e9phone : +41 32 422 44 00<\/p>","protected":false},"author":1,"featured_media":0,"parent":0,"menu_order":0,"comment_status":"closed","ping_status":"closed","template":"","meta":{"footnotes":""},"class_list":["post-1988","page","type-page","status-publish","hentry"],"_links":{"self":[{"href":"https:\/\/psdec.ch\/de\/wp-json\/wp\/v2\/pages\/1988","targetHints":{"allow":["GET"]}}],"collection":[{"href":"https:\/\/psdec.ch\/de\/wp-json\/wp\/v2\/pages"}],"about":[{"href":"https:\/\/psdec.ch\/de\/wp-json\/wp\/v2\/types\/page"}],"author":[{"embeddable":true,"href":"https:\/\/psdec.ch\/de\/wp-json\/wp\/v2\/users\/1"}],"replies":[{"embeddable":true,"href":"https:\/\/psdec.ch\/de\/wp-json\/wp\/v2\/comments?post=1988"}],"version-history":[{"count":4,"href":"https:\/\/psdec.ch\/de\/wp-json\/wp\/v2\/pages\/1988\/revisions"}],"predecessor-version":[{"id":1992,"href":"https:\/\/psdec.ch\/de\/wp-json\/wp\/v2\/pages\/1988\/revisions\/1992"}],"wp:attachment":[{"href":"https:\/\/psdec.ch\/de\/wp-json\/wp\/v2\/media?parent=1988"}],"curies":[{"name":"wp","href":"https:\/\/api.w.org\/{rel}","templated":true}]}}